{"id":1892,"date":"2021-06-21T15:39:48","date_gmt":"2021-06-21T14:39:48","guid":{"rendered":"https:\/\/www.hiryogold.net\/kontakt\/"},"modified":"2021-07-14T16:56:59","modified_gmt":"2021-07-14T15:56:59","slug":"kontakt","status":"publish","type":"page","link":"https:\/\/www.hiryogold.net\/de\/kontakt\/","title":{"rendered":"Kontakt"},"content":{"rendered":"<div class=\"wpb-content-wrapper\"><p>[vc_section el_class=&#8220;contacte__content&#8220;][vc_row][vc_column css=&#8220;.vc_custom_1487899238452{padding-top: 0px !important;padding-bottom: 0px !important;}&#8220;][vc_custom_heading text=&#8220;Nachricht verschicken&#8220; use_theme_fonts=&#8220;yes&#8220;][vc_column_text]\n<div class=\"wpcf7 no-js\" id=\"wpcf7-f1883-o1\" lang=\"en\" dir=\"ltr\" data-wpcf7-id=\"1883\">\n<div class=\"screen-reader-response\"><p role=\"status\" aria-live=\"polite\" aria-atomic=\"true\"><\/p> <ul><\/ul><\/div>\n<form action=\"\/de\/wp-json\/wp\/v2\/pages\/1892#wpcf7-f1883-o1\" method=\"post\" class=\"wpcf7-form init wpcf7-acceptance-as-validation\" aria-label=\"Kontaktformular\" novalidate=\"novalidate\" data-status=\"init\">\n<fieldset class=\"hidden-fields-container\"><input type=\"hidden\" name=\"_wpcf7\" value=\"1883\" \/><input type=\"hidden\" name=\"_wpcf7_version\" value=\"6.1.5\" \/><input type=\"hidden\" name=\"_wpcf7_locale\" value=\"en\" \/><input type=\"hidden\" name=\"_wpcf7_unit_tag\" value=\"wpcf7-f1883-o1\" \/><input type=\"hidden\" name=\"_wpcf7_container_post\" value=\"0\" \/><input type=\"hidden\" name=\"_wpcf7_posted_data_hash\" value=\"\" \/>\n<\/fieldset>\n<div>\n\t<div class=\"row\">\n\t\t<div class=\"col-md\">\n\t\t\t<p><label class=\"input-wrp\"><span class=\"wpcf7-form-control-wrap\" data-name=\"nom\"><input size=\"40\" maxlength=\"400\" class=\"wpcf7-form-control wpcf7-text wpcf7-validates-as-required textfield\" aria-required=\"true\" aria-invalid=\"false\" placeholder=\"Vorname\" value=\"\" type=\"text\" name=\"nom\" \/><\/span><\/label>\n\t\t\t<\/p>\n\t\t<\/div>\n\t\t<div class=\"col-md\">\n\t\t\t<p><label class=\"input-wrp\"><span class=\"wpcf7-form-control-wrap\" data-name=\"cognoms\"><input size=\"40\" maxlength=\"400\" class=\"wpcf7-form-control wpcf7-text wpcf7-validates-as-required textfield\" aria-required=\"true\" aria-invalid=\"false\" placeholder=\"Nachname\" value=\"\" type=\"text\" name=\"cognoms\" \/><\/span><\/label>\n\t\t\t<\/p>\n\t\t<\/div>\n\t<\/div>\n\t<div class=\"row\">\n\t\t<div class=\"col-md\">\n\t\t\t<p><label class=\"input-wrp\"><span class=\"wpcf7-form-control-wrap\" data-name=\"email\"><input size=\"40\" maxlength=\"400\" class=\"wpcf7-form-control wpcf7-email wpcf7-validates-as-required wpcf7-text wpcf7-validates-as-email textfield\" aria-required=\"true\" aria-invalid=\"false\" placeholder=\"E-Mail\" value=\"\" type=\"email\" name=\"email\" \/><\/span><\/label>\n\t\t\t<\/p>\n\t\t<\/div>\n\t\t<div class=\"col-md\">\n\t\t\t<p><label class=\"input-wrp\"><span class=\"wpcf7-form-control-wrap\" data-name=\"email-confirm\"><input size=\"40\" maxlength=\"400\" class=\"wpcf7-form-control wpcf7-email wpcf7-validates-as-required wpcf7-text wpcf7-validates-as-email textfield\" aria-required=\"true\" aria-invalid=\"false\" placeholder=\"E-Mail best\u00e4tigen\" value=\"\" type=\"email\" name=\"email-confirm\" \/><\/span><\/label>\n\t\t\t<\/p>\n\t\t<\/div>\n\t<\/div>\n\t<div class=\"row\">\n\t\t<div class=\"col-md\">\n\t\t\t<p><label class=\"input-wrp\"><span class=\"wpcf7-form-control-wrap\" data-name=\"telefon\"><input size=\"40\" maxlength=\"400\" class=\"wpcf7-form-control wpcf7-tel wpcf7-validates-as-required wpcf7-text wpcf7-validates-as-tel textfield\" aria-required=\"true\" aria-invalid=\"false\" placeholder=\"Telefon\" value=\"\" type=\"tel\" name=\"telefon\" \/><\/span><\/label>\n\t\t\t<\/p>\n\t\t<\/div>\n\t\t<div class=\"col-md\">\n\t\t\t<p><label class=\"input-wrp\"><span class=\"wpcf7-form-control-wrap\" data-name=\"assumpte\"><input size=\"40\" maxlength=\"400\" class=\"wpcf7-form-control wpcf7-text wpcf7-validates-as-required textfield\" aria-required=\"true\" aria-invalid=\"false\" placeholder=\"Betreff\" value=\"\" type=\"text\" name=\"assumpte\" \/><\/span><\/label>\n\t\t\t<\/p>\n\t\t<\/div>\n\t<\/div>\n\t<p><label class=\"input-wrp\"><span class=\"wpcf7-form-control-wrap\" data-name=\"comentari\"><textarea cols=\"10\" rows=\"2\" maxlength=\"2000\" class=\"wpcf7-form-control wpcf7-textarea wpcf7-validates-as-required textfield\" aria-required=\"true\" aria-invalid=\"false\" placeholder=\"Bemerkungen\" name=\"comentari\"><\/textarea><\/span><\/label>\n\t<\/p>\n\t<div class=\"form-group check-news-contact\">\n\t\t<p><span class=\"wpcf7-form-control-wrap\" data-name=\"checkbox-newsletter\"><span class=\"wpcf7-form-control wpcf7-checkbox\"><span class=\"wpcf7-list-item first last\"><label><input type=\"checkbox\" name=\"checkbox-newsletter[]\" value=\"Angebote, Nachl\u00e4sse und News erhalten\" \/><span class=\"wpcf7-list-item-label\">Angebote, Nachl\u00e4sse und News erhalten<\/span><\/label><\/span><\/span><\/span>\n\t\t<\/p>\n\t<\/div>\n\t<div class=\"form-group\">\n\t\t<p id=\"politica-formulari\" style=\"color:#BE1E2D; cursor:pointer;\"><i>Lesen Sie die Einwilligung zur Verarbeitung personenbezogener Daten...<\/i>\n\t\t<\/p>\n\t\t<div class=\"dropdown-politica-formulari\">\n\t\t\t<p><strong>CONSENT FOR THE PROCESSING OF PERSONAL DATA<\/strong>\n\t\t\t<\/p>\n\t\t\t<p>Mistral Bonsai SL is responsible for the use of the User's personal data and informs that these data will be treated in accordance with the provisions in the regulations in force on personal data protection, Regulation (EU) 2016\/679 of April 27, 2016 (GDPR) and the Organic Law (ES) 15\/1999 of December 13 (LOPD), for which the following information of use is provided:\n\t\t\t<\/p>\n\t\t\t<p>Aim of the consent: maintain a commercial relationship.\n\t\t\t<\/p>\n\t\t\t<p>Data conservation criteria: they will be kept while there is a mutual interest to maintain the aim of the consent and when it is no longer necessary for that purpose, they will be eliminated with adequate security measures to guarantee the pseudonymization of the data or its destruction.\n\t\t\t<\/p>\n\t\t\t<p>Communication of the data: The data will not be communicated to third parties, except legal obligation.\n\t\t\t<\/p>\n\t\t\t<p>Rights that protects the User:\n\t\t\t<\/p>\n\t\t\t<p>\u2013 Right to withdraw consent at any time.\n\t\t\t<\/p>\n\t\t\t<p>\u2013 Right of access, rectification, portability and deletion of your data and the limitation or opposition to its use.\n\t\t\t<\/p>\n\t\t\t<p>\u2013 Right to file a claim with the Control Authority (agpd.es) if it considers that the use does not comply with the current regulations.\n\t\t\t<\/p>\n\t\t\t<p>Contact information to exercise your rights:\n\t\t\t<\/p>\n\t\t\t<p>Postal address: MISTRAL BONSAI SL. Ctra N-340 Km, 1093 43894 CAMARLES (TARRAGONA)\n\t\t\t<\/p>\n\t\t\t<p>Email Address: bonsai@mistralbonsai.com\n\t\t\t<\/p>\n\t\t\t<p>To continue you must accept that you have read and agree with the previous clause.\n\t\t\t<\/p>\n\t\t<\/div>\n\t\t<div class=\"contacte__form-consent\">\n\t\t\t<p><span class=\"wpcf7-form-control-wrap\" data-name=\"your-consent\"><span class=\"wpcf7-form-control wpcf7-acceptance\"><span class=\"wpcf7-list-item\"><label><input type=\"checkbox\" name=\"your-consent\" value=\"1\" class=\"politicas\" aria-invalid=\"false\" \/><span class=\"wpcf7-list-item-label\">Ich akzeptiere die <a href=\"https:\/\/www.hiryogold.net\/de\/datenschutzerklaerung\/\" target=\"_blank\">Datenschutzbestimmungen.<\/a><\/span><\/label><\/span><\/span><\/span>\n\t\t\t<\/p>\n\t\t<\/div>\n\t\t<div class=\"form__captcha\">\n\t\t\t<p>Captcha <span class=\"wpcf7-form-control-wrap mathcaptcha-854\"><input size=\"2\" maxlength=\"2\" class=\"wpcf7-form-control wpcf7-mathcaptcha\" aria-required=\"true\" type=\"text\" name=\"mathcaptcha-854\" value=\"\" \/> + 2&#x34; = 32<\/span><input type=\"hidden\" value=\"0\" name=\"mathcaptcha-854-sn\" \/>\n\t\t\t<\/p>\n\t\t<\/div>\n\t\t<p><input class=\"wpcf7-form-control wpcf7-submit has-spinner custom-btn primary\" type=\"submit\" value=\"Senden\" \/>\n\t\t<\/p>\n\t<\/div>\n<\/div><div class=\"wpcf7-response-output\" aria-hidden=\"true\"><\/div>\n<\/form>\n<\/div>\n[\/vc_column_text][\/vc_column][\/vc_row][\/vc_section]<\/p>\n<\/div>","protected":false},"excerpt":{"rendered":"<p>[vc_section el_class=&#8220;contacte__content&#8220;][vc_row][vc_column css=&#8220;.vc_custom_1487899238452{padding-top: 0px !important;padding-bottom: 0px !important;}&#8220;][vc_custom_heading text=&#8220;Nachricht verschicken&#8220; use_theme_fonts=&#8220;yes&#8220;][vc_column_text][\/vc_column_text][\/vc_column][\/vc_row][\/vc_section]<\/p>\n","protected":false},"author":1,"featured_media":0,"parent":0,"menu_order":0,"comment_status":"closed","ping_status":"closed","template":"custom-page.php","meta":{"footnotes":""},"class_list":["post-1892","page","type-page","status-publish","hentry"],"yoast_head":"<!-- This site is optimized with the Yoast SEO plugin v27.5 - https:\/\/yoast.com\/product\/yoast-seo-wordpress\/ -->\n<title>Kontakt - Fragen \u00fcber Hiryo Gold<\/title>\n<meta name=\"description\" content=\"Wenn Sie weitere Informationen \u00fcber Hiryo Gold-D\u00fcnger w\u00fcnschen oder mit uns Kontaktieren m\u00f6chten, senden Sie uns bitte eine Nachricht.\" \/>\n<meta name=\"robots\" content=\"index, follow, max-snippet:-1, max-image-preview:large, max-video-preview:-1\" \/>\n<link rel=\"canonical\" href=\"https:\/\/www.hiryogold.net\/de\/kontakt\/\" \/>\n<meta property=\"og:locale\" content=\"de_DE\" \/>\n<meta property=\"og:type\" content=\"article\" \/>\n<meta property=\"og:title\" content=\"Kontakt - Fragen \u00fcber Hiryo Gold\" \/>\n<meta property=\"og:description\" content=\"Wenn Sie weitere Informationen \u00fcber Hiryo Gold-D\u00fcnger w\u00fcnschen oder mit uns Kontaktieren m\u00f6chten, senden Sie uns bitte eine Nachricht.\" \/>\n<meta property=\"og:url\" content=\"https:\/\/www.hiryogold.net\/de\/kontakt\/\" \/>\n<meta property=\"og:site_name\" content=\"HIRYO GOLD\" \/>\n<meta property=\"article:modified_time\" content=\"2021-07-14T15:56:59+00:00\" \/>\n<meta name=\"twitter:card\" content=\"summary_large_image\" \/>\n<meta name=\"twitter:label1\" content=\"Gesch\u00e4tzte Lesezeit\" \/>\n\t<meta name=\"twitter:data1\" content=\"1\u00a0Minute\" \/>\n<script type=\"application\/ld+json\" class=\"yoast-schema-graph\">{\"@context\":\"https:\\\/\\\/schema.org\",\"@graph\":[{\"@type\":\"WebPage\",\"@id\":\"https:\\\/\\\/www.hiryogold.net\\\/de\\\/kontakt\\\/\",\"url\":\"https:\\\/\\\/www.hiryogold.net\\\/de\\\/kontakt\\\/\",\"name\":\"Kontakt - Fragen \u00fcber Hiryo Gold\",\"isPartOf\":{\"@id\":\"https:\\\/\\\/www.hiryogold.net\\\/de\\\/#website\"},\"datePublished\":\"2021-06-21T14:39:48+00:00\",\"dateModified\":\"2021-07-14T15:56:59+00:00\",\"description\":\"Wenn Sie weitere Informationen \u00fcber Hiryo Gold-D\u00fcnger w\u00fcnschen oder mit uns Kontaktieren m\u00f6chten, senden Sie uns bitte eine Nachricht.\",\"breadcrumb\":{\"@id\":\"https:\\\/\\\/www.hiryogold.net\\\/de\\\/kontakt\\\/#breadcrumb\"},\"inLanguage\":\"de\",\"potentialAction\":[{\"@type\":\"ReadAction\",\"target\":[\"https:\\\/\\\/www.hiryogold.net\\\/de\\\/kontakt\\\/\"]}]},{\"@type\":\"BreadcrumbList\",\"@id\":\"https:\\\/\\\/www.hiryogold.net\\\/de\\\/kontakt\\\/#breadcrumb\",\"itemListElement\":[{\"@type\":\"ListItem\",\"position\":1,\"name\":\"Portada\",\"item\":\"https:\\\/\\\/www.hiryogold.net\\\/de\\\/\"},{\"@type\":\"ListItem\",\"position\":2,\"name\":\"Kontakt\"}]},{\"@type\":\"WebSite\",\"@id\":\"https:\\\/\\\/www.hiryogold.net\\\/de\\\/#website\",\"url\":\"https:\\\/\\\/www.hiryogold.net\\\/de\\\/\",\"name\":\"HIRYO GOLD\",\"description\":\"FERTILIZANTE ORG\u00c1NICO TRADICIONAL JAPON\u00c9S PARA BONS\u00c1IS\",\"potentialAction\":[{\"@type\":\"SearchAction\",\"target\":{\"@type\":\"EntryPoint\",\"urlTemplate\":\"https:\\\/\\\/www.hiryogold.net\\\/de\\\/?s={search_term_string}\"},\"query-input\":{\"@type\":\"PropertyValueSpecification\",\"valueRequired\":true,\"valueName\":\"search_term_string\"}}],\"inLanguage\":\"de\"}]}<\/script>\n<!-- \/ Yoast SEO plugin. -->","yoast_head_json":{"title":"Kontakt - Fragen \u00fcber Hiryo Gold","description":"Wenn Sie weitere Informationen \u00fcber Hiryo Gold-D\u00fcnger w\u00fcnschen oder mit uns Kontaktieren m\u00f6chten, senden Sie uns bitte eine Nachricht.","robots":{"index":"index","follow":"follow","max-snippet":"max-snippet:-1","max-image-preview":"max-image-preview:large","max-video-preview":"max-video-preview:-1"},"canonical":"https:\/\/www.hiryogold.net\/de\/kontakt\/","og_locale":"de_DE","og_type":"article","og_title":"Kontakt - Fragen \u00fcber Hiryo Gold","og_description":"Wenn Sie weitere Informationen \u00fcber Hiryo Gold-D\u00fcnger w\u00fcnschen oder mit uns Kontaktieren m\u00f6chten, senden Sie uns bitte eine Nachricht.","og_url":"https:\/\/www.hiryogold.net\/de\/kontakt\/","og_site_name":"HIRYO GOLD","article_modified_time":"2021-07-14T15:56:59+00:00","twitter_card":"summary_large_image","twitter_misc":{"Gesch\u00e4tzte Lesezeit":"1\u00a0Minute"},"schema":{"@context":"https:\/\/schema.org","@graph":[{"@type":"WebPage","@id":"https:\/\/www.hiryogold.net\/de\/kontakt\/","url":"https:\/\/www.hiryogold.net\/de\/kontakt\/","name":"Kontakt - Fragen \u00fcber Hiryo Gold","isPartOf":{"@id":"https:\/\/www.hiryogold.net\/de\/#website"},"datePublished":"2021-06-21T14:39:48+00:00","dateModified":"2021-07-14T15:56:59+00:00","description":"Wenn Sie weitere Informationen \u00fcber Hiryo Gold-D\u00fcnger w\u00fcnschen oder mit uns Kontaktieren m\u00f6chten, senden Sie uns bitte eine Nachricht.","breadcrumb":{"@id":"https:\/\/www.hiryogold.net\/de\/kontakt\/#breadcrumb"},"inLanguage":"de","potentialAction":[{"@type":"ReadAction","target":["https:\/\/www.hiryogold.net\/de\/kontakt\/"]}]},{"@type":"BreadcrumbList","@id":"https:\/\/www.hiryogold.net\/de\/kontakt\/#breadcrumb","itemListElement":[{"@type":"ListItem","position":1,"name":"Portada","item":"https:\/\/www.hiryogold.net\/de\/"},{"@type":"ListItem","position":2,"name":"Kontakt"}]},{"@type":"WebSite","@id":"https:\/\/www.hiryogold.net\/de\/#website","url":"https:\/\/www.hiryogold.net\/de\/","name":"HIRYO GOLD","description":"FERTILIZANTE ORG\u00c1NICO TRADICIONAL JAPON\u00c9S PARA BONS\u00c1IS","potentialAction":[{"@type":"SearchAction","target":{"@type":"EntryPoint","urlTemplate":"https:\/\/www.hiryogold.net\/de\/?s={search_term_string}"},"query-input":{"@type":"PropertyValueSpecification","valueRequired":true,"valueName":"search_term_string"}}],"inLanguage":"de"}]}},"_links":{"self":[{"href":"https:\/\/www.hiryogold.net\/de\/wp-json\/wp\/v2\/pages\/1892","targetHints":{"allow":["GET"]}}],"collection":[{"href":"https:\/\/www.hiryogold.net\/de\/wp-json\/wp\/v2\/pages"}],"about":[{"href":"https:\/\/www.hiryogold.net\/de\/wp-json\/wp\/v2\/types\/page"}],"author":[{"embeddable":true,"href":"https:\/\/www.hiryogold.net\/de\/wp-json\/wp\/v2\/users\/1"}],"replies":[{"embeddable":true,"href":"https:\/\/www.hiryogold.net\/de\/wp-json\/wp\/v2\/comments?post=1892"}],"version-history":[{"count":2,"href":"https:\/\/www.hiryogold.net\/de\/wp-json\/wp\/v2\/pages\/1892\/revisions"}],"predecessor-version":[{"id":1894,"href":"https:\/\/www.hiryogold.net\/de\/wp-json\/wp\/v2\/pages\/1892\/revisions\/1894"}],"wp:attachment":[{"href":"https:\/\/www.hiryogold.net\/de\/wp-json\/wp\/v2\/media?parent=1892"}],"curies":[{"name":"wp","href":"https:\/\/api.w.org\/{rel}","templated":true}]}}