{"id":1899,"date":"2021-06-21T15:58:17","date_gmt":"2021-06-21T14:58:17","guid":{"rendered":"https:\/\/www.hiryogold.net\/feststoffduenger\/"},"modified":"2021-07-14T17:06:14","modified_gmt":"2021-07-14T16:06:14","slug":"feststoffduenger","status":"publish","type":"page","link":"https:\/\/www.hiryogold.net\/de\/feststoffduenger\/","title":{"rendered":"Feststoffd\u00fcnger"},"content":{"rendered":"<div class=\"wpb-content-wrapper\"><p>[vc_section full_width=&#8220;stretch_row&#8220; css=&#8220;.vc_custom_1622569525911{padding-right: 15px !important;padding-left: 15px !important;background-color: #f4f4f4 !important;}&#8220; el_class=&#8220;categoria-producte__descripcio&#8220;][vc_row][vc_column width=&#8220;1\/3&#8243; offset=&#8220;vc_col-md-4&#8243;][vc_custom_heading text=&#8220;D\u00fcnger nach japanischer Tradition&#8220; use_theme_fonts=&#8220;yes&#8220;][\/vc_column][vc_column width=&#8220;2\/3&#8243; offset=&#8220;vc_col-md-8&#8243;][vc_custom_heading text=&#8220;<strong>Die Serie der Hiryo Gold D\u00fcnger ist ein komplettes D\u00fcngemittelsystem, das alle Bed\u00fcrfnisse unserer Bonsai abdeckt.<\/strong>&#8220; font_container=&#8220;tag:p|text_align:left&#8220; use_theme_fonts=&#8220;yes&#8220;][vc_custom_heading text=&#8220;Diese D\u00fcnger, die unter der Aufsicht von japanischen Meistern entwickelt wurden, stellen f\u00fcr die Kultivierung von Bonsais einen klaren Fortschritt dar. Alle D\u00fcnger von Hiryo Gold sind technologisch fortschrittliche und qualitativ hochwertige D\u00fcnger. Sie werden aus komplett nat\u00fcrlichen Materialien hergestellt und unterliegen einem langen Reifeprozess, zudem werden sie mit n\u00fctzlichen Bakterien angereichert, die die Qualit\u00e4ten des D\u00fcngers verbessern.&#8220; font_container=&#8220;tag:p|text_align:left&#8220; use_theme_fonts=&#8220;yes&#8220;][\/vc_column][\/vc_row][\/vc_section][vc_section full_width=&#8220;stretch_row&#8220; el_class=&#8220;categoria-producte__producte&#8220;][vc_row][vc_column]<div class=\"woocommerce columns-4 \"><ul class=\"products columns-4\">\n<li class=\"product type-product post-1895 status-publish first instock product_cat-feststoffdunger has-post-thumbnail shipping-taxable product-type-simple\">\n\t<a href=\"https:\/\/www.hiryogold.net\/de\/producto\/pflege\/\" class=\"woocommerce-LoopProduct-link woocommerce-loop-product__link\"><img loading=\"lazy\" decoding=\"async\" width=\"300\" height=\"300\" src=\"https:\/\/www.hiryogold.net\/wp-content\/uploads\/2021\/06\/hiryo-gold-mantenimiento-esp-fra-350g-300x300.png\" class=\"attachment-woocommerce_thumbnail size-woocommerce_thumbnail\" alt=\"Hiryo Gold mantenimiento fertilizante\" srcset=\"https:\/\/www.hiryogold.net\/wp-content\/uploads\/2021\/06\/hiryo-gold-mantenimiento-esp-fra-350g-300x300.png 300w, https:\/\/www.hiryogold.net\/wp-content\/uploads\/2021\/06\/hiryo-gold-mantenimiento-esp-fra-350g-150x150.png 150w, https:\/\/www.hiryogold.net\/wp-content\/uploads\/2021\/06\/hiryo-gold-mantenimiento-esp-fra-350g-600x600.png 600w, https:\/\/www.hiryogold.net\/wp-content\/uploads\/2021\/06\/hiryo-gold-mantenimiento-esp-fra-350g-100x100.png 100w, https:\/\/www.hiryogold.net\/wp-content\/uploads\/2021\/06\/hiryo-gold-mantenimiento-esp-fra-350g.png 646w\" sizes=\"auto, (max-width: 300px) 100vw, 300px\" \/><h2 class=\"woocommerce-loop-product__title\">Pflege<\/h2>\n<\/a><a href=\"https:\/\/www.hiryogold.net\/de\/producto\/pflege\/\" aria-describedby=\"woocommerce_loop_add_to_cart_link_describedby_1895\" data-quantity=\"1\" class=\"button product_type_simple\" data-product_id=\"1895\" data-product_sku=\"\" aria-label=\"Lese mehr \u00fcber &#8222;Pflege&#8220;\" rel=\"nofollow\" data-success_message=\"\">Produkt anzeigen<\/a>\t<span id=\"woocommerce_loop_add_to_cart_link_describedby_1895\" class=\"screen-reader-text\">\n\t\t\t<\/span>\n<\/li>\n<li class=\"product type-product post-1896 status-publish instock product_cat-feststoffdunger has-post-thumbnail shipping-taxable product-type-simple\">\n\t<a href=\"https:\/\/www.hiryogold.net\/de\/producto\/bluten-und-fruchte\/\" class=\"woocommerce-LoopProduct-link woocommerce-loop-product__link\"><img loading=\"lazy\" decoding=\"async\" width=\"300\" height=\"300\" src=\"https:\/\/www.hiryogold.net\/wp-content\/uploads\/2021\/05\/hiryo-gold-flores-frutos-esp-fra-350g-1-300x300.png\" class=\"attachment-woocommerce_thumbnail size-woocommerce_thumbnail\" alt=\"Hiryo Gold Flores y frutos fertilizante\" srcset=\"https:\/\/www.hiryogold.net\/wp-content\/uploads\/2021\/05\/hiryo-gold-flores-frutos-esp-fra-350g-1-300x300.png 300w, https:\/\/www.hiryogold.net\/wp-content\/uploads\/2021\/05\/hiryo-gold-flores-frutos-esp-fra-350g-1-150x150.png 150w, https:\/\/www.hiryogold.net\/wp-content\/uploads\/2021\/05\/hiryo-gold-flores-frutos-esp-fra-350g-1-600x600.png 600w, https:\/\/www.hiryogold.net\/wp-content\/uploads\/2021\/05\/hiryo-gold-flores-frutos-esp-fra-350g-1-100x100.png 100w, https:\/\/www.hiryogold.net\/wp-content\/uploads\/2021\/05\/hiryo-gold-flores-frutos-esp-fra-350g-1.png 646w\" sizes=\"auto, (max-width: 300px) 100vw, 300px\" \/><h2 class=\"woocommerce-loop-product__title\">Bl\u00fcten und Fr\u00fcchte<\/h2>\n<\/a><a href=\"https:\/\/www.hiryogold.net\/de\/producto\/bluten-und-fruchte\/\" aria-describedby=\"woocommerce_loop_add_to_cart_link_describedby_1896\" data-quantity=\"1\" class=\"button product_type_simple\" data-product_id=\"1896\" data-product_sku=\"\" aria-label=\"Lese mehr \u00fcber &#8222;Bl\u00fcten und Fr\u00fcchte&#8220;\" rel=\"nofollow\" data-success_message=\"\">Produkt anzeigen<\/a>\t<span id=\"woocommerce_loop_add_to_cart_link_describedby_1896\" class=\"screen-reader-text\">\n\t\t\t<\/span>\n<\/li>\n<li class=\"product type-product post-1897 status-publish instock product_cat-feststoffdunger has-post-thumbnail shipping-taxable product-type-simple\">\n\t<a href=\"https:\/\/www.hiryogold.net\/de\/producto\/koniferen\/\" class=\"woocommerce-LoopProduct-link woocommerce-loop-product__link\"><img loading=\"lazy\" decoding=\"async\" width=\"300\" height=\"300\" src=\"https:\/\/www.hiryogold.net\/wp-content\/uploads\/2021\/05\/hiryo-gold-coniferas-esp-fra-350g-1-300x300.png\" class=\"attachment-woocommerce_thumbnail size-woocommerce_thumbnail\" alt=\"Hiryo Gold con\u00edferas\" srcset=\"https:\/\/www.hiryogold.net\/wp-content\/uploads\/2021\/05\/hiryo-gold-coniferas-esp-fra-350g-1-300x300.png 300w, https:\/\/www.hiryogold.net\/wp-content\/uploads\/2021\/05\/hiryo-gold-coniferas-esp-fra-350g-1-150x150.png 150w, https:\/\/www.hiryogold.net\/wp-content\/uploads\/2021\/05\/hiryo-gold-coniferas-esp-fra-350g-1-600x600.png 600w, https:\/\/www.hiryogold.net\/wp-content\/uploads\/2021\/05\/hiryo-gold-coniferas-esp-fra-350g-1-100x100.png 100w, https:\/\/www.hiryogold.net\/wp-content\/uploads\/2021\/05\/hiryo-gold-coniferas-esp-fra-350g-1.png 646w\" sizes=\"auto, (max-width: 300px) 100vw, 300px\" \/><h2 class=\"woocommerce-loop-product__title\">Koniferen<\/h2>\n<\/a><a href=\"https:\/\/www.hiryogold.net\/de\/producto\/koniferen\/\" aria-describedby=\"woocommerce_loop_add_to_cart_link_describedby_1897\" data-quantity=\"1\" class=\"button product_type_simple\" data-product_id=\"1897\" data-product_sku=\"\" aria-label=\"Lese mehr \u00fcber &#8222;Koniferen&#8220;\" rel=\"nofollow\" data-success_message=\"\">Produkt anzeigen<\/a>\t<span id=\"woocommerce_loop_add_to_cart_link_describedby_1897\" class=\"screen-reader-text\">\n\t\t\t<\/span>\n<\/li>\n<li class=\"product type-product post-1898 status-publish last instock product_cat-feststoffdunger has-post-thumbnail shipping-taxable product-type-simple\">\n\t<a href=\"https:\/\/www.hiryogold.net\/de\/producto\/wachstum-und-prebonsai\/\" class=\"woocommerce-LoopProduct-link woocommerce-loop-product__link\"><img loading=\"lazy\" decoding=\"async\" width=\"300\" height=\"300\" src=\"https:\/\/www.hiryogold.net\/wp-content\/uploads\/2021\/05\/hiryo-gold-crecimiento-prebonsai-esp-fra-350g-1-300x300.png\" class=\"attachment-woocommerce_thumbnail size-woocommerce_thumbnail\" alt=\"Hiryo Gold crecimiento prebons\u00e1i fertilizante org\u00e1nico\" srcset=\"https:\/\/www.hiryogold.net\/wp-content\/uploads\/2021\/05\/hiryo-gold-crecimiento-prebonsai-esp-fra-350g-1-300x300.png 300w, https:\/\/www.hiryogold.net\/wp-content\/uploads\/2021\/05\/hiryo-gold-crecimiento-prebonsai-esp-fra-350g-1-150x150.png 150w, https:\/\/www.hiryogold.net\/wp-content\/uploads\/2021\/05\/hiryo-gold-crecimiento-prebonsai-esp-fra-350g-1-600x600.png 600w, https:\/\/www.hiryogold.net\/wp-content\/uploads\/2021\/05\/hiryo-gold-crecimiento-prebonsai-esp-fra-350g-1-100x100.png 100w, https:\/\/www.hiryogold.net\/wp-content\/uploads\/2021\/05\/hiryo-gold-crecimiento-prebonsai-esp-fra-350g-1.png 646w\" sizes=\"auto, (max-width: 300px) 100vw, 300px\" \/><h2 class=\"woocommerce-loop-product__title\">Wachstum und Prebonsai<\/h2>\n<\/a><a href=\"https:\/\/www.hiryogold.net\/de\/producto\/wachstum-und-prebonsai\/\" aria-describedby=\"woocommerce_loop_add_to_cart_link_describedby_1898\" data-quantity=\"1\" class=\"button product_type_simple\" data-product_id=\"1898\" data-product_sku=\"\" aria-label=\"Lese mehr \u00fcber &#8222;Wachstum und Prebonsai&#8220;\" rel=\"nofollow\" data-success_message=\"\">Produkt anzeigen<\/a>\t<span id=\"woocommerce_loop_add_to_cart_link_describedby_1898\" class=\"screen-reader-text\">\n\t\t\t<\/span>\n<\/li>\n<\/ul>\n<\/div>[\/vc_column][\/vc_row][\/vc_section]<\/p>\n<\/div>","protected":false},"excerpt":{"rendered":"<p>[vc_section full_width=&#8220;stretch_row&#8220; css=&#8220;.vc_custom_1622569525911{padding-right: 15px !important;padding-left: 15px !important;background-color: #f4f4f4 !important;}&#8220; el_class=&#8220;categoria-producte__descripcio&#8220;][vc_row][vc_column width=&#8220;1\/3&#8243; offset=&#8220;vc_col-md-4&#8243;][vc_custom_heading text=&#8220;D\u00fcnger nach japanischer Tradition&#8220; use_theme_fonts=&#8220;yes&#8220;][\/vc_column][vc_column width=&#8220;2\/3&#8243; offset=&#8220;vc_col-md-8&#8243;][vc_custom_heading text=&#8220;Die Serie der Hiryo Gold D\u00fcnger ist ein komplettes D\u00fcngemittelsystem, das alle Bed\u00fcrfnisse unserer Bonsai abdeckt.&#8220; font_container=&#8220;tag:p|text_align:left&#8220; use_theme_fonts=&#8220;yes&#8220;][vc_custom_heading text=&#8220;Diese D\u00fcnger, die unter der Aufsicht von japanischen Meistern entwickelt wurden, stellen f\u00fcr die Kultivierung von Bonsais einen [&hellip;]<\/p>\n","protected":false},"author":1,"featured_media":0,"parent":0,"menu_order":0,"comment_status":"closed","ping_status":"closed","template":"","meta":{"footnotes":""},"class_list":["post-1899","page","type-page","status-publish","hentry"],"yoast_head":"<!-- This site is optimized with the Yoast SEO plugin v27.5 - https:\/\/yoast.com\/product\/yoast-seo-wordpress\/ -->\n<title>Feststoffd\u00fcnger - HIRYO GOLD<\/title>\n<meta name=\"description\" content=\"Hiryo Gold sind organische Feststoffd\u00fcnger nach japanischer Tradition f\u00fcr: Pflege, Koniferen, Bl\u00fcten und Fr\u00fcchte, Wachstum und Prebonsai\" \/>\n<meta name=\"robots\" content=\"index, follow, max-snippet:-1, max-image-preview:large, max-video-preview:-1\" \/>\n<link rel=\"canonical\" href=\"https:\/\/www.hiryogold.net\/de\/feststoffduenger\/\" \/>\n<meta property=\"og:locale\" content=\"de_DE\" \/>\n<meta property=\"og:type\" content=\"article\" \/>\n<meta property=\"og:title\" content=\"Feststoffd\u00fcnger - HIRYO GOLD\" \/>\n<meta property=\"og:description\" content=\"Hiryo Gold sind organische Feststoffd\u00fcnger nach japanischer Tradition f\u00fcr: Pflege, Koniferen, Bl\u00fcten und Fr\u00fcchte, Wachstum und Prebonsai\" \/>\n<meta property=\"og:url\" content=\"https:\/\/www.hiryogold.net\/de\/feststoffduenger\/\" \/>\n<meta property=\"og:site_name\" content=\"HIRYO GOLD\" \/>\n<meta property=\"article:modified_time\" content=\"2021-07-14T16:06:14+00:00\" \/>\n<meta name=\"twitter:card\" content=\"summary_large_image\" \/>\n<meta name=\"twitter:label1\" content=\"Gesch\u00e4tzte Lesezeit\" \/>\n\t<meta name=\"twitter:data1\" content=\"1\u00a0Minute\" \/>\n<script type=\"application\/ld+json\" class=\"yoast-schema-graph\">{\"@context\":\"https:\\\/\\\/schema.org\",\"@graph\":[{\"@type\":\"WebPage\",\"@id\":\"https:\\\/\\\/www.hiryogold.net\\\/de\\\/feststoffduenger\\\/\",\"url\":\"https:\\\/\\\/www.hiryogold.net\\\/de\\\/feststoffduenger\\\/\",\"name\":\"Feststoffd\u00fcnger - HIRYO GOLD\",\"isPartOf\":{\"@id\":\"https:\\\/\\\/www.hiryogold.net\\\/de\\\/#website\"},\"datePublished\":\"2021-06-21T14:58:17+00:00\",\"dateModified\":\"2021-07-14T16:06:14+00:00\",\"description\":\"Hiryo Gold sind organische Feststoffd\u00fcnger nach japanischer Tradition f\u00fcr: Pflege, Koniferen, Bl\u00fcten und Fr\u00fcchte, Wachstum und Prebonsai\",\"breadcrumb\":{\"@id\":\"https:\\\/\\\/www.hiryogold.net\\\/de\\\/feststoffduenger\\\/#breadcrumb\"},\"inLanguage\":\"de\",\"potentialAction\":[{\"@type\":\"ReadAction\",\"target\":[\"https:\\\/\\\/www.hiryogold.net\\\/de\\\/feststoffduenger\\\/\"]}]},{\"@type\":\"BreadcrumbList\",\"@id\":\"https:\\\/\\\/www.hiryogold.net\\\/de\\\/feststoffduenger\\\/#breadcrumb\",\"itemListElement\":[{\"@type\":\"ListItem\",\"position\":1,\"name\":\"Portada\",\"item\":\"https:\\\/\\\/www.hiryogold.net\\\/de\\\/\"},{\"@type\":\"ListItem\",\"position\":2,\"name\":\"Feststoffd\u00fcnger\"}]},{\"@type\":\"WebSite\",\"@id\":\"https:\\\/\\\/www.hiryogold.net\\\/de\\\/#website\",\"url\":\"https:\\\/\\\/www.hiryogold.net\\\/de\\\/\",\"name\":\"HIRYO GOLD\",\"description\":\"FERTILIZANTE ORG\u00c1NICO TRADICIONAL JAPON\u00c9S PARA BONS\u00c1IS\",\"potentialAction\":[{\"@type\":\"SearchAction\",\"target\":{\"@type\":\"EntryPoint\",\"urlTemplate\":\"https:\\\/\\\/www.hiryogold.net\\\/de\\\/?s={search_term_string}\"},\"query-input\":{\"@type\":\"PropertyValueSpecification\",\"valueRequired\":true,\"valueName\":\"search_term_string\"}}],\"inLanguage\":\"de\"}]}<\/script>\n<!-- \/ Yoast SEO plugin. -->","yoast_head_json":{"title":"Feststoffd\u00fcnger - HIRYO GOLD","description":"Hiryo Gold sind organische Feststoffd\u00fcnger nach japanischer Tradition f\u00fcr: Pflege, Koniferen, Bl\u00fcten und Fr\u00fcchte, Wachstum und Prebonsai","robots":{"index":"index","follow":"follow","max-snippet":"max-snippet:-1","max-image-preview":"max-image-preview:large","max-video-preview":"max-video-preview:-1"},"canonical":"https:\/\/www.hiryogold.net\/de\/feststoffduenger\/","og_locale":"de_DE","og_type":"article","og_title":"Feststoffd\u00fcnger - HIRYO GOLD","og_description":"Hiryo Gold sind organische Feststoffd\u00fcnger nach japanischer Tradition f\u00fcr: Pflege, Koniferen, Bl\u00fcten und Fr\u00fcchte, Wachstum und Prebonsai","og_url":"https:\/\/www.hiryogold.net\/de\/feststoffduenger\/","og_site_name":"HIRYO GOLD","article_modified_time":"2021-07-14T16:06:14+00:00","twitter_card":"summary_large_image","twitter_misc":{"Gesch\u00e4tzte Lesezeit":"1\u00a0Minute"},"schema":{"@context":"https:\/\/schema.org","@graph":[{"@type":"WebPage","@id":"https:\/\/www.hiryogold.net\/de\/feststoffduenger\/","url":"https:\/\/www.hiryogold.net\/de\/feststoffduenger\/","name":"Feststoffd\u00fcnger - HIRYO GOLD","isPartOf":{"@id":"https:\/\/www.hiryogold.net\/de\/#website"},"datePublished":"2021-06-21T14:58:17+00:00","dateModified":"2021-07-14T16:06:14+00:00","description":"Hiryo Gold sind organische Feststoffd\u00fcnger nach japanischer Tradition f\u00fcr: Pflege, Koniferen, Bl\u00fcten und Fr\u00fcchte, Wachstum und Prebonsai","breadcrumb":{"@id":"https:\/\/www.hiryogold.net\/de\/feststoffduenger\/#breadcrumb"},"inLanguage":"de","potentialAction":[{"@type":"ReadAction","target":["https:\/\/www.hiryogold.net\/de\/feststoffduenger\/"]}]},{"@type":"BreadcrumbList","@id":"https:\/\/www.hiryogold.net\/de\/feststoffduenger\/#breadcrumb","itemListElement":[{"@type":"ListItem","position":1,"name":"Portada","item":"https:\/\/www.hiryogold.net\/de\/"},{"@type":"ListItem","position":2,"name":"Feststoffd\u00fcnger"}]},{"@type":"WebSite","@id":"https:\/\/www.hiryogold.net\/de\/#website","url":"https:\/\/www.hiryogold.net\/de\/","name":"HIRYO GOLD","description":"FERTILIZANTE ORG\u00c1NICO TRADICIONAL JAPON\u00c9S PARA BONS\u00c1IS","potentialAction":[{"@type":"SearchAction","target":{"@type":"EntryPoint","urlTemplate":"https:\/\/www.hiryogold.net\/de\/?s={search_term_string}"},"query-input":{"@type":"PropertyValueSpecification","valueRequired":true,"valueName":"search_term_string"}}],"inLanguage":"de"}]}},"_links":{"self":[{"href":"https:\/\/www.hiryogold.net\/de\/wp-json\/wp\/v2\/pages\/1899","targetHints":{"allow":["GET"]}}],"collection":[{"href":"https:\/\/www.hiryogold.net\/de\/wp-json\/wp\/v2\/pages"}],"about":[{"href":"https:\/\/www.hiryogold.net\/de\/wp-json\/wp\/v2\/types\/page"}],"author":[{"embeddable":true,"href":"https:\/\/www.hiryogold.net\/de\/wp-json\/wp\/v2\/users\/1"}],"replies":[{"embeddable":true,"href":"https:\/\/www.hiryogold.net\/de\/wp-json\/wp\/v2\/comments?post=1899"}],"version-history":[{"count":3,"href":"https:\/\/www.hiryogold.net\/de\/wp-json\/wp\/v2\/pages\/1899\/revisions"}],"predecessor-version":[{"id":1952,"href":"https:\/\/www.hiryogold.net\/de\/wp-json\/wp\/v2\/pages\/1899\/revisions\/1952"}],"wp:attachment":[{"href":"https:\/\/www.hiryogold.net\/de\/wp-json\/wp\/v2\/media?parent=1899"}],"curies":[{"name":"wp","href":"https:\/\/api.w.org\/{rel}","templated":true}]}}