{"id":1898,"date":"2021-05-31T07:30:35","date_gmt":"2021-05-31T06:30:35","guid":{"rendered":"https:\/\/www.hiryogold.net\/unkategorisiert\/wachstum-und-prebonsai\/"},"modified":"2021-07-14T17:04:46","modified_gmt":"2021-07-14T16:04:46","slug":"wachstum-und-prebonsai","status":"publish","type":"product","link":"https:\/\/www.hiryogold.net\/de\/producto\/wachstum-und-prebonsai\/","title":{"rendered":"Wachstum und Prebonsai"},"content":{"rendered":"<div class=\"wpb-content-wrapper\"><p>[vc_row][vc_column][vc_custom_heading text=&#8220;Anwendung&#8220; use_theme_fonts=&#8220;yes&#8220;][vc_row_inner el_class=&#8220;product__descripcio-llarga&#8220;][vc_column_inner width=&#8220;1\/2&#8243;][vc_column_text]<\/p>\n<p>Verteilen Sie den D\u00fcnger gleichm\u00e4ssig auf der Erdobfl\u00e4che. Hiryo Gold zeigt je nach Witterungsbedingungen 1 bis 2 Monate nach seinem erstmaligen Einsatz erste Ergebnisse. Wiederholen Sie nach dieser Zeit den Vorgang.<\/p>\n<p>Die Dosierungen in der Tabelle sind f\u00fcr Schalen mit einer Breite von 20 cm berechnet. D\u00fcngen Sie proportional zur Breite Ihrer Schale.<\/p>\n<p>An einem k\u00fchlen, trockenen Ort im geschlossenem Beutel aufbewahren. Nicht f\u00fcr den menschlichen Verzehr und f\u00fcr Haustiere geeignet. Darf nicht in die H\u00e4nde von Kindern gelangen und darf nicht in der N\u00e4he von Nahrungsmitteln, Getr\u00e4nken und Tierfutter aufbewahrt werden.<\/p>\n<p>[\/vc_column_text][\/vc_column_inner][vc_column_inner width=&#8220;1\/2&#8243;][vc_single_image image=&#8220;1079&#8243; img_size=&#8220;full&#8220; alignment=&#8220;center&#8220;][\/vc_column_inner][\/vc_row_inner][\/vc_column][\/vc_row][vc_section css=&#8220;.vc_custom_1622306342575{background-image: url(https:\/\/www.hiryogold.net\/wp-content\/uploads\/2021\/05\/hiryo-gold-section-contacto.jpg?id=959) !important;}&#8220; el_class=&#8220;banner-contactanos&#8220;][vc_row][vc_column][vc_custom_heading text=&#8220;Haben Sie Interesse?&#8220; font_container=&#8220;tag:h2|text_align:center|color:%23ffffff&#8220; use_theme_fonts=&#8220;yes&#8220;][vc_column_text]<\/p>\n<p class=\"p-banner-contactanos text-center\">M\u00f6chten Sie weitere Informationen \u00fcber die Hiryo Gold D\u00fcnger der neuesten Generation?<\/p>\n<p>[\/vc_column_text][vc_raw_html css=&#8220;.vc_custom_1622307202356{margin-bottom: 18px !important;}&#8220;]PGRpdiBjbGFzcz0idGV4dC1jZW50ZXIiPg0KPGEgY2xhc3M9ImJ1dHRvbi10cmFuc3BhcmVudCIgaHJlZj0iaHR0cHM6Ly93d3cuaGlyeW9nb2xkLm5ldC9kZS9rb250YWt0LyI+S29udGFrdGllcmVuIHNpZSB1bnM8L2E+DQo8L2Rpdj4NCg==[\/vc_raw_html][\/vc_column][\/vc_row][\/vc_section]<\/p>\n<\/div>","protected":false},"excerpt":{"rendered":"<h1 class=\"product__title\">Hiryo Gold Wachstum und Prebonsai<\/h1>\n<p><span class=\"h1 product__title\">N10 &#8211; P6 \u2013 K8<\/span><\/p>\n<div class=\"product__descripcio-curta\">\n<p>Hiryo Gold Wachstum und Prebonsai N10 &#8211; P6 \u2013 K8 ist ein hochwertiger Organominerald\u00fcnger, der aus nat\u00fcrlichen Materialien hergestellt wird, lange reift und n\u00fctzliche Bakterien enth\u00e4lt, um somit seine Eigenschaften zu verbessern.<\/p>\n<p>Er verhindert den Abbau des Substrates und erh\u00f6ht gleichzeitig die Menge an n\u00fctzlichen Mikroorganismen in der Erde.<\/p>\n<p>Aufgrund seines hohen Anteils an N\u00e4hrstoffen, insbesondere an Stickstoff, beg\u00fcnstigt dieser D\u00fcnger das schnelle und kr\u00e4ftige Wachstum von B\u00e4umen, deshalb ist er speziell daf\u00fcr geeignet, das Wachstum von Bonsasi in der Gestaltungsphase zu f\u00f6rdern, ohne die B\u00e4ume zu gef\u00e4hrden.<\/p>\n<\/div>\n<p class=\"mb-2 font-weight-bold\">150734 &#8211; Hiryo Gold Wachstum und Prebonsai 350 g.<\/p>\n<p class=\"font-weight-bold\">150736 &#8211; Hiryo Gold Wachstum und Prebonsai 1 Kg.<\/p>\n","protected":false},"featured_media":1159,"template":"","meta":[],"product_brand":[],"product_cat":[54],"product_tag":[],"class_list":{"0":"post-1898","1":"product","2":"type-product","3":"status-publish","4":"has-post-thumbnail","6":"product_cat-feststoffdunger","8":"first","9":"instock","10":"shipping-taxable","11":"product-type-simple"},"yoast_head":"<!-- This site is optimized with the Yoast SEO plugin v27.5 - https:\/\/yoast.com\/product\/yoast-seo-wordpress\/ -->\n<title>Hiryo Gold Wachstum und Prebonsai - Organischer D\u00fcnger<\/title>\n<meta name=\"description\" content=\"Hiryo Gold Wachstum und Prebonsai ist ein organisch-mineralischer D\u00fcnger zur F\u00f6rderung des Wachstums von Bonsai in der Entwicklung.\" \/>\n<meta name=\"robots\" content=\"index, follow, max-snippet:-1, max-image-preview:large, max-video-preview:-1\" \/>\n<link rel=\"canonical\" href=\"https:\/\/www.hiryogold.net\/de\/producto\/wachstum-und-prebonsai\/\" \/>\n<meta property=\"og:locale\" content=\"de_DE\" \/>\n<meta property=\"og:type\" content=\"article\" \/>\n<meta property=\"og:title\" content=\"Hiryo Gold Wachstum und Prebonsai - Organischer D\u00fcnger\" \/>\n<meta property=\"og:description\" content=\"Hiryo Gold Wachstum und Prebonsai ist ein organisch-mineralischer D\u00fcnger zur F\u00f6rderung des Wachstums von Bonsai in der Entwicklung.\" \/>\n<meta property=\"og:url\" content=\"https:\/\/www.hiryogold.net\/de\/producto\/wachstum-und-prebonsai\/\" \/>\n<meta property=\"og:site_name\" content=\"HIRYO GOLD\" \/>\n<meta property=\"article:modified_time\" content=\"2021-07-14T16:04:46+00:00\" \/>\n<meta property=\"og:image\" content=\"https:\/\/www.hiryogold.net\/wp-content\/uploads\/2021\/05\/hiryo-gold-crecimiento-prebonsai-esp-fra-350g-1.png\" \/>\n\t<meta property=\"og:image:width\" content=\"646\" \/>\n\t<meta property=\"og:image:height\" content=\"646\" \/>\n\t<meta property=\"og:image:type\" content=\"image\/png\" \/>\n<meta name=\"twitter:card\" content=\"summary_large_image\" \/>\n<meta name=\"twitter:label1\" content=\"Gesch\u00e4tzte Lesezeit\" \/>\n\t<meta name=\"twitter:data1\" content=\"1\u00a0Minute\" \/>\n<script type=\"application\/ld+json\" class=\"yoast-schema-graph\">{\"@context\":\"https:\\\/\\\/schema.org\",\"@graph\":[{\"@type\":\"WebPage\",\"@id\":\"https:\\\/\\\/www.hiryogold.net\\\/de\\\/producto\\\/wachstum-und-prebonsai\\\/\",\"url\":\"https:\\\/\\\/www.hiryogold.net\\\/de\\\/producto\\\/wachstum-und-prebonsai\\\/\",\"name\":\"Hiryo Gold Wachstum und Prebonsai - Organischer D\u00fcnger\",\"isPartOf\":{\"@id\":\"https:\\\/\\\/www.hiryogold.net\\\/de\\\/#website\"},\"primaryImageOfPage\":{\"@id\":\"https:\\\/\\\/www.hiryogold.net\\\/de\\\/producto\\\/wachstum-und-prebonsai\\\/#primaryimage\"},\"image\":{\"@id\":\"https:\\\/\\\/www.hiryogold.net\\\/de\\\/producto\\\/wachstum-und-prebonsai\\\/#primaryimage\"},\"thumbnailUrl\":\"https:\\\/\\\/www.hiryogold.net\\\/wp-content\\\/uploads\\\/2021\\\/05\\\/hiryo-gold-crecimiento-prebonsai-esp-fra-350g-1.png\",\"datePublished\":\"2021-05-31T06:30:35+00:00\",\"dateModified\":\"2021-07-14T16:04:46+00:00\",\"description\":\"Hiryo Gold Wachstum und Prebonsai ist ein organisch-mineralischer D\u00fcnger zur F\u00f6rderung des Wachstums von Bonsai in der Entwicklung.\",\"breadcrumb\":{\"@id\":\"https:\\\/\\\/www.hiryogold.net\\\/de\\\/producto\\\/wachstum-und-prebonsai\\\/#breadcrumb\"},\"inLanguage\":\"de\",\"potentialAction\":[{\"@type\":\"ReadAction\",\"target\":[\"https:\\\/\\\/www.hiryogold.net\\\/de\\\/producto\\\/wachstum-und-prebonsai\\\/\"]}]},{\"@type\":\"ImageObject\",\"inLanguage\":\"de\",\"@id\":\"https:\\\/\\\/www.hiryogold.net\\\/de\\\/producto\\\/wachstum-und-prebonsai\\\/#primaryimage\",\"url\":\"https:\\\/\\\/www.hiryogold.net\\\/wp-content\\\/uploads\\\/2021\\\/05\\\/hiryo-gold-crecimiento-prebonsai-esp-fra-350g-1.png\",\"contentUrl\":\"https:\\\/\\\/www.hiryogold.net\\\/wp-content\\\/uploads\\\/2021\\\/05\\\/hiryo-gold-crecimiento-prebonsai-esp-fra-350g-1.png\",\"width\":646,\"height\":646,\"caption\":\"Hiryo Gold crecimiento prebons\u00e1i fertilizante org\u00e1nico\"},{\"@type\":\"BreadcrumbList\",\"@id\":\"https:\\\/\\\/www.hiryogold.net\\\/de\\\/producto\\\/wachstum-und-prebonsai\\\/#breadcrumb\",\"itemListElement\":[{\"@type\":\"ListItem\",\"position\":1,\"name\":\"Portada\",\"item\":\"https:\\\/\\\/www.hiryogold.net\\\/de\\\/\"},{\"@type\":\"ListItem\",\"position\":2,\"name\":\"Shop\",\"item\":\"https:\\\/\\\/www.hiryogold.net\\\/de\\\/shop\\\/\"},{\"@type\":\"ListItem\",\"position\":3,\"name\":\"Wachstum und Prebonsai\"}]},{\"@type\":\"WebSite\",\"@id\":\"https:\\\/\\\/www.hiryogold.net\\\/de\\\/#website\",\"url\":\"https:\\\/\\\/www.hiryogold.net\\\/de\\\/\",\"name\":\"HIRYO GOLD\",\"description\":\"FERTILIZANTE ORG\u00c1NICO TRADICIONAL JAPON\u00c9S PARA BONS\u00c1IS\",\"potentialAction\":[{\"@type\":\"SearchAction\",\"target\":{\"@type\":\"EntryPoint\",\"urlTemplate\":\"https:\\\/\\\/www.hiryogold.net\\\/de\\\/?s={search_term_string}\"},\"query-input\":{\"@type\":\"PropertyValueSpecification\",\"valueRequired\":true,\"valueName\":\"search_term_string\"}}],\"inLanguage\":\"de\"}]}<\/script>\n<!-- \/ Yoast SEO plugin. -->","yoast_head_json":{"title":"Hiryo Gold Wachstum und Prebonsai - Organischer D\u00fcnger","description":"Hiryo Gold Wachstum und Prebonsai ist ein organisch-mineralischer D\u00fcnger zur F\u00f6rderung des Wachstums von Bonsai in der Entwicklung.","robots":{"index":"index","follow":"follow","max-snippet":"max-snippet:-1","max-image-preview":"max-image-preview:large","max-video-preview":"max-video-preview:-1"},"canonical":"https:\/\/www.hiryogold.net\/de\/producto\/wachstum-und-prebonsai\/","og_locale":"de_DE","og_type":"article","og_title":"Hiryo Gold Wachstum und Prebonsai - Organischer D\u00fcnger","og_description":"Hiryo Gold Wachstum und Prebonsai ist ein organisch-mineralischer D\u00fcnger zur F\u00f6rderung des Wachstums von Bonsai in der Entwicklung.","og_url":"https:\/\/www.hiryogold.net\/de\/producto\/wachstum-und-prebonsai\/","og_site_name":"HIRYO GOLD","article_modified_time":"2021-07-14T16:04:46+00:00","og_image":[{"width":646,"height":646,"url":"https:\/\/www.hiryogold.net\/wp-content\/uploads\/2021\/05\/hiryo-gold-crecimiento-prebonsai-esp-fra-350g-1.png","type":"image\/png"}],"twitter_card":"summary_large_image","twitter_misc":{"Gesch\u00e4tzte Lesezeit":"1\u00a0Minute"},"schema":{"@context":"https:\/\/schema.org","@graph":[{"@type":"WebPage","@id":"https:\/\/www.hiryogold.net\/de\/producto\/wachstum-und-prebonsai\/","url":"https:\/\/www.hiryogold.net\/de\/producto\/wachstum-und-prebonsai\/","name":"Hiryo Gold Wachstum und Prebonsai - Organischer D\u00fcnger","isPartOf":{"@id":"https:\/\/www.hiryogold.net\/de\/#website"},"primaryImageOfPage":{"@id":"https:\/\/www.hiryogold.net\/de\/producto\/wachstum-und-prebonsai\/#primaryimage"},"image":{"@id":"https:\/\/www.hiryogold.net\/de\/producto\/wachstum-und-prebonsai\/#primaryimage"},"thumbnailUrl":"https:\/\/www.hiryogold.net\/wp-content\/uploads\/2021\/05\/hiryo-gold-crecimiento-prebonsai-esp-fra-350g-1.png","datePublished":"2021-05-31T06:30:35+00:00","dateModified":"2021-07-14T16:04:46+00:00","description":"Hiryo Gold Wachstum und Prebonsai ist ein organisch-mineralischer D\u00fcnger zur F\u00f6rderung des Wachstums von Bonsai in der Entwicklung.","breadcrumb":{"@id":"https:\/\/www.hiryogold.net\/de\/producto\/wachstum-und-prebonsai\/#breadcrumb"},"inLanguage":"de","potentialAction":[{"@type":"ReadAction","target":["https:\/\/www.hiryogold.net\/de\/producto\/wachstum-und-prebonsai\/"]}]},{"@type":"ImageObject","inLanguage":"de","@id":"https:\/\/www.hiryogold.net\/de\/producto\/wachstum-und-prebonsai\/#primaryimage","url":"https:\/\/www.hiryogold.net\/wp-content\/uploads\/2021\/05\/hiryo-gold-crecimiento-prebonsai-esp-fra-350g-1.png","contentUrl":"https:\/\/www.hiryogold.net\/wp-content\/uploads\/2021\/05\/hiryo-gold-crecimiento-prebonsai-esp-fra-350g-1.png","width":646,"height":646,"caption":"Hiryo Gold crecimiento prebons\u00e1i fertilizante org\u00e1nico"},{"@type":"BreadcrumbList","@id":"https:\/\/www.hiryogold.net\/de\/producto\/wachstum-und-prebonsai\/#breadcrumb","itemListElement":[{"@type":"ListItem","position":1,"name":"Portada","item":"https:\/\/www.hiryogold.net\/de\/"},{"@type":"ListItem","position":2,"name":"Shop","item":"https:\/\/www.hiryogold.net\/de\/shop\/"},{"@type":"ListItem","position":3,"name":"Wachstum und Prebonsai"}]},{"@type":"WebSite","@id":"https:\/\/www.hiryogold.net\/de\/#website","url":"https:\/\/www.hiryogold.net\/de\/","name":"HIRYO GOLD","description":"FERTILIZANTE ORG\u00c1NICO TRADICIONAL JAPON\u00c9S PARA BONS\u00c1IS","potentialAction":[{"@type":"SearchAction","target":{"@type":"EntryPoint","urlTemplate":"https:\/\/www.hiryogold.net\/de\/?s={search_term_string}"},"query-input":{"@type":"PropertyValueSpecification","valueRequired":true,"valueName":"search_term_string"}}],"inLanguage":"de"}]}},"_links":{"self":[{"href":"https:\/\/www.hiryogold.net\/de\/wp-json\/wp\/v2\/product\/1898","targetHints":{"allow":["GET"]}}],"collection":[{"href":"https:\/\/www.hiryogold.net\/de\/wp-json\/wp\/v2\/product"}],"about":[{"href":"https:\/\/www.hiryogold.net\/de\/wp-json\/wp\/v2\/types\/product"}],"wp:featuredmedia":[{"embeddable":true,"href":"https:\/\/www.hiryogold.net\/de\/wp-json\/wp\/v2\/media\/1159"}],"wp:attachment":[{"href":"https:\/\/www.hiryogold.net\/de\/wp-json\/wp\/v2\/media?parent=1898"}],"wp:term":[{"taxonomy":"product_brand","embeddable":true,"href":"https:\/\/www.hiryogold.net\/de\/wp-json\/wp\/v2\/product_brand?post=1898"},{"taxonomy":"product_cat","embeddable":true,"href":"https:\/\/www.hiryogold.net\/de\/wp-json\/wp\/v2\/product_cat?post=1898"},{"taxonomy":"product_tag","embeddable":true,"href":"https:\/\/www.hiryogold.net\/de\/wp-json\/wp\/v2\/product_tag?post=1898"}],"curies":[{"name":"wp","href":"https:\/\/api.w.org\/{rel}","templated":true}]}}